{"id":10,"date":"2026-04-26T15:37:55","date_gmt":"2026-04-26T15:37:55","guid":{"rendered":"https:\/\/xn--sio-nla.app.br\/cadastro\/?page_id=10"},"modified":"2026-04-26T17:26:51","modified_gmt":"2026-04-26T17:26:51","slug":"piloto-e-motorista","status":"publish","type":"page","link":"https:\/\/xn--sio-nla.app.br\/cadastro\/","title":{"rendered":"Piloto e motorista"},"content":{"rendered":"\n<p>cadastro para moto boy e carro por aplicativo <\/p>\n\n\n\n<p>Precisamos de sua :<\/p>\n\n\n\n<p>          <strong>&gt;CNH remunerado <\/strong><\/p>\n\n\n\n<blockquote class=\"wp-block-quote is-layout-flow wp-block-quote-is-layout-flow\">\n<p><strong>&gt;Mei<\/strong> <\/p>\n\n\n\n<p><strong>&gt;Anteced\u00eancia Criminal <\/strong><\/p>\n<\/blockquote>\n\n\n\n<p>Voc\u00ea pode mandar aqui mesmo para mim no chat em tempo <\/p>\n\n\n\n<p>.<\/p>\n\n\n\n<p>\u00c9 muito importante essa documenta\u00e7\u00e3o, isso tr\u00e1s legalidade entre as autoridades do munic\u00edpio e tr\u00e1s confian\u00e7a entre os clientes seja no setor de entregas ou no setor de transporte de passageiros por aplicativo.<\/p>\n\n\n\n<p><\/p>\n\n\n\n<p>.<\/p>\n\n\n\n<p><\/p>\n\n\n\n<p><\/p>\n\n\n\n<p>.<\/p>\n\n\n\n<p>.<\/p>\n\n\n\n<p>.<\/p>\n\n\n\n<p><strong><a href=\"https:\/\/xn--sio-nla.app.br\/\">Voltar ao In\u00edcio do site <\/a><\/strong><\/p>\n\n\n\n<p><\/p>\n","protected":false},"excerpt":{"rendered":"<p>cadastro para moto boy e carro por aplicativo Precisamos de sua : &gt;CNH remunerado &gt;Mei &gt;Anteced\u00eancia Criminal Voc\u00ea pode mandar aqui mesmo para mim no chat em tempo . \u00c9 muito importante essa documenta\u00e7\u00e3o, isso tr\u00e1s legalidade entre as autoridades do munic\u00edpio e tr\u00e1s confian\u00e7a entre os clientes seja no setor de entregas ou no [&hellip;]<\/p>\n","protected":false},"author":1,"featured_media":0,"parent":0,"menu_order":0,"comment_status":"closed","ping_status":"closed","template":"","meta":{"pagelayer_contact_templates":[],"_pagelayer_content":"","footnotes":""},"class_list":["post-10","page","type-page","status-publish","hentry"],"_links":{"self":[{"href":"https:\/\/xn--sio-nla.app.br\/cadastro\/wp-json\/wp\/v2\/pages\/10","targetHints":{"allow":["GET"]}}],"collection":[{"href":"https:\/\/xn--sio-nla.app.br\/cadastro\/wp-json\/wp\/v2\/pages"}],"about":[{"href":"https:\/\/xn--sio-nla.app.br\/cadastro\/wp-json\/wp\/v2\/types\/page"}],"author":[{"embeddable":true,"href":"https:\/\/xn--sio-nla.app.br\/cadastro\/wp-json\/wp\/v2\/users\/1"}],"replies":[{"embeddable":true,"href":"https:\/\/xn--sio-nla.app.br\/cadastro\/wp-json\/wp\/v2\/comments?post=10"}],"version-history":[{"count":7,"href":"https:\/\/xn--sio-nla.app.br\/cadastro\/wp-json\/wp\/v2\/pages\/10\/revisions"}],"predecessor-version":[{"id":23,"href":"https:\/\/xn--sio-nla.app.br\/cadastro\/wp-json\/wp\/v2\/pages\/10\/revisions\/23"}],"wp:attachment":[{"href":"https:\/\/xn--sio-nla.app.br\/cadastro\/wp-json\/wp\/v2\/media?parent=10"}],"curies":[{"name":"wp","href":"https:\/\/api.w.org\/{rel}","templated":true}]}}